{"id":91,"date":"2016-10-19T22:14:45","date_gmt":"2016-10-19T20:14:45","guid":{"rendered":"http:\/\/www.ener-quercy.fr\/?page_id=91"},"modified":"2020-08-19T17:42:32","modified_gmt":"2020-08-19T15:42:32","slug":"tranchees","status":"publish","type":"page","link":"http:\/\/www.ener-quercy.fr\/index.php\/tranchees\/","title":{"rendered":"Tranch\u00e9es"},"content":{"rendered":"<p class=\"jetpack-slideshow-noscript robots-nocontent\">Ce diaporama n\u00e9cessite JavaScript.<\/p><div id=\"gallery-91-1-slideshow\" class=\"jetpack-slideshow-window jetpack-slideshow jetpack-slideshow-black\" data-trans=\"fade\" data-autostart=\"1\" data-gallery=\"[{&quot;src&quot;:&quot;http:\\\/\\\/www.ener-quercy.fr\\\/wp-content\\\/uploads\\\/2020\\\/08\\\/20200813_121112-169x300.jpg&quot;,&quot;id&quot;:&quot;951&quot;,&quot;title&quot;:&quot;20200813_121112&quot;,&quot;alt&quot;:&quot;&quot;,&quot;caption&quot;:&quot;&quot;,&quot;itemprop&quot;:&quot;image&quot;},{&quot;src&quot;:&quot;http:\\\/\\\/www.ener-quercy.fr\\\/wp-content\\\/uploads\\\/2016\\\/11\\\/logo-Ener-quercy-web-300x300.jpg&quot;,&quot;id&quot;:&quot;234&quot;,&quot;title&quot;:&quot;logo-ener-quercy-web&quot;,&quot;alt&quot;:&quot;&quot;,&quot;caption&quot;:&quot;Notre logo&quot;,&quot;itemprop&quot;:&quot;image&quot;},{&quot;src&quot;:&quot;http:\\\/\\\/www.ener-quercy.fr\\\/wp-content\\\/uploads\\\/2020\\\/08\\\/20200623_130615-e1597851725227-169x300.jpg&quot;,&quot;id&quot;:&quot;952&quot;,&quot;title&quot;:&quot;20200623_130615&quot;,&quot;alt&quot;:&quot;&quot;,&quot;caption&quot;:&quot;&quot;,&quot;itemprop&quot;:&quot;image&quot;},{&quot;src&quot;:&quot;http:\\\/\\\/www.ener-quercy.fr\\\/wp-content\\\/uploads\\\/2016\\\/10\\\/Tranch\\u00e9es2-300x225.jpg&quot;,&quot;id&quot;:&quot;67&quot;,&quot;title&quot;:&quot;tranchees2&quot;,&quot;alt&quot;:&quot;&quot;,&quot;caption&quot;:&quot;Apr\\u00e8s&quot;,&quot;itemprop&quot;:&quot;image&quot;},{&quot;src&quot;:&quot;http:\\\/\\\/www.ener-quercy.fr\\\/wp-content\\\/uploads\\\/2016\\\/10\\\/Tranch\\u00e9es1-225x300.jpg&quot;,&quot;id&quot;:&quot;66&quot;,&quot;title&quot;:&quot;tranchees1&quot;,&quot;alt&quot;:&quot;&quot;,&quot;caption&quot;:&quot;Avant&quot;,&quot;itemprop&quot;:&quot;image&quot;}]\" itemscope itemtype=\"https:\/\/schema.org\/ImageGallery\"><\/div>\n<p style=\"text-align: center;\">\u00a0Une tranch\u00e9e dans un jardin est toujours angoissante,<\/p>\n<p style=\"text-align: center;\">c&rsquo;est pourquoi nous travaillons avec des personnes qualifi\u00e9es,<\/p>\n<p style=\"text-align: center;\">qui n&rsquo;h\u00e9sitent pas \u00e0 ressemer votre gazon apr\u00e8s leur passage.<\/p>\n","protected":false},"excerpt":{"rendered":"<p>\u00a0Une tranch\u00e9e dans un jardin est toujours angoissante, c&rsquo;est pourquoi nous travaillons avec des personnes qualifi\u00e9es, qui n&rsquo;h\u00e9sitent pas \u00e0 ressemer votre gazon apr\u00e8s leur passage.<\/p>\n","protected":false},"author":1,"featured_media":0,"parent":0,"menu_order":0,"comment_status":"closed","ping_status":"closed","template":"","meta":{"jetpack_post_was_ever_published":false,"footnotes":""},"class_list":["post-91","page","type-page","status-publish","hentry"],"jetpack_sharing_enabled":true,"jetpack_shortlink":"https:\/\/wp.me\/P81kpK-1t","jetpack_likes_enabled":true,"_links":{"self":[{"href":"http:\/\/www.ener-quercy.fr\/index.php\/wp-json\/wp\/v2\/pages\/91","targetHints":{"allow":["GET"]}}],"collection":[{"href":"http:\/\/www.ener-quercy.fr\/index.php\/wp-json\/wp\/v2\/pages"}],"about":[{"href":"http:\/\/www.ener-quercy.fr\/index.php\/wp-json\/wp\/v2\/types\/page"}],"author":[{"embeddable":true,"href":"http:\/\/www.ener-quercy.fr\/index.php\/wp-json\/wp\/v2\/users\/1"}],"replies":[{"embeddable":true,"href":"http:\/\/www.ener-quercy.fr\/index.php\/wp-json\/wp\/v2\/comments?post=91"}],"version-history":[{"count":8,"href":"http:\/\/www.ener-quercy.fr\/index.php\/wp-json\/wp\/v2\/pages\/91\/revisions"}],"predecessor-version":[{"id":953,"href":"http:\/\/www.ener-quercy.fr\/index.php\/wp-json\/wp\/v2\/pages\/91\/revisions\/953"}],"wp:attachment":[{"href":"http:\/\/www.ener-quercy.fr\/index.php\/wp-json\/wp\/v2\/media?parent=91"}],"curies":[{"name":"wp","href":"https:\/\/api.w.org\/{rel}","templated":true}]}}